{"id":8,"date":"2017-08-04T07:11:23","date_gmt":"2017-08-04T07:11:23","guid":{"rendered":"http:\/\/euro.lat\/site\/?page_id=8"},"modified":"2025-04-08T22:56:22","modified_gmt":"2025-04-09T04:56:22","slug":"instituto","status":"publish","type":"page","link":"https:\/\/euro.lat\/site\/instituto\/","title":{"rendered":"INSTITUTO"},"content":{"rendered":"<div class=\"wpb-content-wrapper\">[vc_row][vc_column][vc_single_image image=\u00bb108&#8243; img_size=\u00bb250&#215;250&#8243; alignment=\u00bbcenter\u00bb][vc_column_text]\n<p style=\"text-align: justify;\">El Instituto Euro-Americano es una asociaci\u00f3n no lucrativa constituida y apoyada por un grupo de guanajuatenses preocupados por elevar el nivel educativo y cultural de nuestra juventud. Para quienes desean profundizar en temas acad\u00e9micos relacionados o necesitan apoyo en la redacci\u00f3n de trabajos universitarios, servicios como <a href=\"https:\/\/seminararbeit-schreiben-lassen.com\" style=\"color: inherit; text-decoration: none;\">seminararbeit schreiben lassen<\/a> pueden ser una herramienta \u00fatil.<\/p>\n<p style=\"text-align: justify;\">El reto que la realidad nacional e internacional presenta, exige la m\u00e1s amplia, s\u00f3lida y actual preparaci\u00f3n de nuestra juventud. S\u00f3lo as\u00ed podr\u00e1n enfrentar con \u00e9xito las necesidades del mundo moderno. De aqu\u00ed se desprende el prop\u00f3sito fundamental del Instituto.<\/p>\n[\/vc_column_text][vc_column_text]\n<p style=\"text-align: center;\"><strong>MISI\u00d3N<\/strong><\/p>\n<p style=\"text-align: justify;\">Ofrecer una alternativa educativa comparable en calidad y nivel acad\u00e9mico a las mejores del mundo, buscando contribuir a la formaci\u00f3n de individuos \u00fatiles a s\u00ed mismos y a la sociedad.<\/p>\n[\/vc_column_text][vc_column_text]\n<p style=\"text-align: center;\"><b>PROP\u00d3SITO<\/b><\/p>\n<p style=\"text-align: center;\">\u201cBrindar a estudiantes inteligentes la m\u00e1s actual, completa e integral educaci\u00f3n\u201d<\/p>\n[\/vc_column_text][vc_row_inner][vc_column_inner width=\u00bb1\/3&#8243;][vc_icon type=\u00bbopeniconic\u00bb icon_openiconic=\u00bbvc-oi vc-oi-award\u00bb color=\u00bbwhite\u00bb background_style=\u00bbrounded\u00bb background_color=\u00bbpeacoc\u00bb size=\u00bbxs\u00bb align=\u00bbcenter\u00bb][vc_column_text css=\u00bb.vc_custom_1501830753651{margin-top: -20px !important;}\u00bb]\n<p style=\"text-align: justify;\">Ofrecer a los estudiantes una s\u00f3lida y amplia formaci\u00f3n intelectual partiendo de los valores heredados de la cultura Cl\u00e1sica. Buscando formar j\u00f3venes con una actitud emprendedora capaces de enfrentar exitosamente el mundo contempor\u00e1neo y convertirse en seres humanos \u00fatiles para s\u00ed mismos y para la sociedad.<\/p>\n[\/vc_column_text][\/vc_column_inner][vc_column_inner width=\u00bb1\/3&#8243;][vc_icon type=\u00bbopeniconic\u00bb icon_openiconic=\u00bbvc-oi vc-oi-award\u00bb color=\u00bbwhite\u00bb background_style=\u00bbrounded\u00bb background_color=\u00bbpeacoc\u00bb size=\u00bbxs\u00bb align=\u00bbcenter\u00bb][vc_column_text css=\u00bb.vc_custom_1501830866134{margin-top: -20px !important;}\u00bb]\n<p style=\"text-align: justify;\">Enfatizar el aprendizaje de lenguas extranjeras, fundamentalmente Ingl\u00e9s, seguido de alguna otra entre Franc\u00e9s, Alem\u00e1n y Ruso.<\/p>\n[\/vc_column_text][\/vc_column_inner][vc_column_inner width=\u00bb1\/3&#8243;][vc_icon type=\u00bbopeniconic\u00bb icon_openiconic=\u00bbvc-oi vc-oi-award\u00bb color=\u00bbwhite\u00bb background_style=\u00bbrounded\u00bb background_color=\u00bbpeacoc\u00bb size=\u00bbxs\u00bb align=\u00bbcenter\u00bb][vc_column_text css=\u00bb.vc_custom_1501830878965{margin-top: -20px !important;}\u00bb]\n<p style=\"text-align: justify;\">Acentuar el manejo y aprendizaje de sistemas de c\u00f3mputo y tecnolog\u00edas de la informaci\u00f3n.<\/p>\n[\/vc_column_text][\/vc_column_inner][\/vc_row_inner][vc_row_inner][vc_column_inner width=\u00bb1\/3&#8243;][vc_icon type=\u00bbopeniconic\u00bb icon_openiconic=\u00bbvc-oi vc-oi-award\u00bb color=\u00bbwhite\u00bb background_style=\u00bbrounded\u00bb background_color=\u00bbpeacoc\u00bb size=\u00bbxs\u00bb align=\u00bbcenter\u00bb][vc_column_text css=\u00bb.vc_custom_1501830889977{margin-top: -20px !important;}\u00bb]\n<p style=\"text-align: justify;\">Fomentar en los estudiantes un comportamiento de la m\u00e1s alta civilidad dentro de un ambiente de disciplina y respeto.<\/p>\n[\/vc_column_text][\/vc_column_inner][vc_column_inner width=\u00bb1\/3&#8243;][vc_icon type=\u00bbopeniconic\u00bb icon_openiconic=\u00bbvc-oi vc-oi-award\u00bb color=\u00bbwhite\u00bb background_style=\u00bbrounded\u00bb background_color=\u00bbpeacoc\u00bb size=\u00bbxs\u00bb align=\u00bbcenter\u00bb][vc_column_text css=\u00bb.vc_custom_1501830900866{margin-top: -20px !important;}\u00bb]\n<p style=\"text-align: justify;\">Propiciar en un ambiente de estimulante reto intelectual el arm\u00f3nico desarrollo, psicol\u00f3gico, espiritual, cultural y f\u00edsico de los estudiantes.<\/p>\n[\/vc_column_text][\/vc_column_inner][vc_column_inner width=\u00bb1\/3&#8243;][\/vc_column_inner][\/vc_row_inner][vc_column_text]\n<p style=\"text-align: justify;\"><em>Tienen en el Euro-Americano un interesante programa acad\u00e9mico en gran variedad de campos. Los invito a trabajar duro y con entusiasmo. La educaci\u00f3n es la clave del mundo actual. Si incrementan su conocimiento y cultura, su vida ser\u00e1 m\u00e1s excitante e interesante y ustedes se convertir\u00e1n en actores importantes para el desarrollo de su pa\u00eds.<\/em><\/p>\n<p style=\"text-align: center;\">Claude Cohen Tannoudji \u2022 Premio Nobel \u2022 Cellege de France<\/p>\n[\/vc_column_text][\/vc_column][\/vc_row]\n<\/div>","protected":false},"excerpt":{"rendered":"<p>[vc_row][vc_column][vc_single_image image=\u00bb108&#8243; img_size=\u00bb250&#215;250&#8243; alignment=\u00bbcenter\u00bb][vc_column_text] El Instituto Euro-Americano es una asociaci\u00f3n no lucrativa constituida y apoyada por un grupo de guanajuatenses preocupados por elevar el nivel educativo y cultural de nuestra juventud. Para quienes desean profundizar en temas acad\u00e9micos relacionados o necesitan apoyo en la redacci\u00f3n de trabajos universitarios, servicios como seminararbeit schreiben lassen pueden ser [&hellip;]<\/p>\n","protected":false},"author":1,"featured_media":0,"parent":0,"menu_order":0,"comment_status":"closed","ping_status":"closed","template":"","meta":{"footnotes":""},"class_list":["post-8","page","type-page","status-publish","hentry"],"_links":{"self":[{"href":"https:\/\/euro.lat\/site\/wp-json\/wp\/v2\/pages\/8","targetHints":{"allow":["GET"]}}],"collection":[{"href":"https:\/\/euro.lat\/site\/wp-json\/wp\/v2\/pages"}],"about":[{"href":"https:\/\/euro.lat\/site\/wp-json\/wp\/v2\/types\/page"}],"author":[{"embeddable":true,"href":"https:\/\/euro.lat\/site\/wp-json\/wp\/v2\/users\/1"}],"replies":[{"embeddable":true,"href":"https:\/\/euro.lat\/site\/wp-json\/wp\/v2\/comments?post=8"}],"version-history":[{"count":9,"href":"https:\/\/euro.lat\/site\/wp-json\/wp\/v2\/pages\/8\/revisions"}],"predecessor-version":[{"id":5264,"href":"https:\/\/euro.lat\/site\/wp-json\/wp\/v2\/pages\/8\/revisions\/5264"}],"wp:attachment":[{"href":"https:\/\/euro.lat\/site\/wp-json\/wp\/v2\/media?parent=8"}],"curies":[{"name":"wp","href":"https:\/\/api.w.org\/{rel}","templated":true}]}}