{"id":45,"date":"2017-08-04T15:21:33","date_gmt":"2017-08-04T15:21:33","guid":{"rendered":"http:\/\/euro.lat\/site\/?page_id=45"},"modified":"2018-01-25T19:36:16","modified_gmt":"2018-01-26T01:36:16","slug":"secundaria","status":"publish","type":"page","link":"https:\/\/euro.lat\/site\/secundaria\/","title":{"rendered":"SECUNDARIA"},"content":{"rendered":"<div class=\"wpb-content-wrapper\">[vc_row][vc_column][vc_single_image image=\u00bb117&#8243; img_size=\u00bbfull\u00bb alignment=\u00bbcenter\u00bb style=\u00bbvc_box_rounded\u00bb][\/vc_column][\/vc_row][vc_row][vc_column width=\u00bb1\/3&#8243;][vc_icon type=\u00bbopeniconic\u00bb icon_openiconic=\u00bbvc-oi vc-oi-book-open\u00bb color=\u00bbsky\u00bb background_style=\u00bbrounded\u00bb size=\u00bbxs\u00bb align=\u00bbcenter\u00bb][vc_column_text css=\u00bb.vc_custom_1501860308821{margin-top: -20px !important;}\u00bb]\n<p style=\"text-align: center;\"><strong>PRIMER A\u00d1O<\/strong><\/p>\n<p style=\"text-align: justify;\">\u2022 Espa\u00f1ol I.<br \/>\n\u2022 Matem\u00e1ticas I.<br \/>\n\u2022 Segunda Lengua Ingles I.<br \/>\n\u2022 Ciencias I (Enfasis en Biolog\u00eda).<br \/>\n\u2022 Tecnologia I.<br \/>\n\u2022 Geograf\u00eda de M\u00e9xico y del Mundo.<br \/>\n\u2022 Asignatura Estatal.<br \/>\n\u2022 Tutoria.<br \/>\n\u2022 Educaci\u00f3n F\u00edsica I.<br \/>\n\u2022 Artes I.<\/p>\n[\/vc_column_text][\/vc_column][vc_column width=\u00bb1\/3&#8243;][vc_icon type=\u00bbopeniconic\u00bb icon_openiconic=\u00bbvc-oi vc-oi-book-open\u00bb color=\u00bbsky\u00bb background_style=\u00bbrounded\u00bb size=\u00bbxs\u00bb align=\u00bbcenter\u00bb][vc_column_text css=\u00bb.vc_custom_1501860390116{margin-top: -20px !important;}\u00bb]\n<p style=\"text-align: center;\"><strong>SEGUNDO A\u00d1O<\/strong><\/p>\n<p style=\"text-align: justify;\">\u2022 Espa\u00f1ol II.<br \/>\n\u2022 Matem\u00e1ticas II.<br \/>\n\u2022 Segunda Lengua Ingles II.<br \/>\n\u2022 Ciencias II (Enfasis en F\u00edsica).<br \/>\n\u2022 Tecnologia II.<br \/>\n\u2022 Historia I.<br \/>\n\u2022 Formaci\u00f3n C\u00edvica y \u00c9tica.<br \/>\n\u2022 Tutoria.<br \/>\n\u2022 Educaci\u00f3n F\u00edsica II.<br \/>\n\u2022 Artes II.<\/p>\n[\/vc_column_text][\/vc_column][vc_column width=\u00bb1\/3&#8243;][vc_icon type=\u00bbopeniconic\u00bb icon_openiconic=\u00bbvc-oi vc-oi-book-open\u00bb color=\u00bbsky\u00bb background_style=\u00bbrounded\u00bb size=\u00bbxs\u00bb align=\u00bbcenter\u00bb][vc_column_text css=\u00bb.vc_custom_1516930552834{margin-top: -20px !important;}\u00bb]\n<p style=\"text-align: center;\"><strong>TERCER A\u00d1O<\/strong><\/p>\n<p style=\"text-align: justify;\">\u2022 Espa\u00f1ol III.<br \/>\n\u2022 Matem\u00e1ticas III.<br \/>\n\u2022 Segunda Lengua Ingles III.<br \/>\n\u2022 Ciencias III (\u00c9nfasis en Qu\u00edmica).<br \/>\n\u2022 Tecnologia III.<br \/>\n\u2022 Historia II.<br \/>\n\u2022 Formaci\u00f3n C\u00edvica y \u00c9tica II.<br \/>\n\u2022 Tutoria.<br \/>\n\u2022 Educaci\u00f3n F\u00edsica III.<br \/>\n\u2022 Artes III.<\/p>\n[\/vc_column_text][\/vc_column][\/vc_row][vc_row][vc_column][vc_text_separator title=\u00bbPERFIL DEL ALUMNO AL TERMINAR\u00bb color=\u00bbsky\u00bb style=\u00bbdotted\u00bb border_width=\u00bb2&#8243;][vc_column_text css=\u00bb.vc_custom_1501860476939{margin-top: -15px !important;}\u00bb]\n<p style=\"text-align: center;\">\u25cf INDIVIDUOS UTILES A SI MISMOS Y A LA SOCIEDAD.<br \/>\n\u25cf JOVENES EMPRENDEDORES CON UNA AMPLIA VISION DEL MUNDO.<br \/>\n\u25cf PREPARADOS PARA CONTINUAR ESTUDIOS A NIVEL BACHILLERATO.<\/p>\n[\/vc_column_text][\/vc_column][\/vc_row][vc_row][vc_column][vc_tta_tabs color=\u00bbblue\u00bb active_section=\u00bb1&#8243;][vc_tta_section i_icon_fontawesome=\u00bbfa fa-child\u00bb title=\u00bbAMBIENTE EURO\u00bb tab_id=\u00bb1501833304303-387af500-3520e227-77b4&#8243; add_icon=\u00bbtrue\u00bb][vc_column_text]\u25cf EDUCACION FISICA<br \/>\n&#8211; ESGRIMA<br \/>\n&#8211; TENIS<br \/>\n&#8211; BASQUETBOL<br \/>\n&#8211; TAE KWON DO<br \/>\n&#8211; FUTBOL RAPIDO<br \/>\n&#8211; GIMNASIO DE PESAS<br \/>\n&#8211; AEROBICS<br \/>\n&#8211; VOLEIBOL<\/p>\n<p>\u25cf DESARROLLO CULTURAL<br \/>\n&#8211; TEATRO<br \/>\n&#8211; PINTURA<br \/>\n&#8211; MUSICA[\/vc_column_text][\/vc_tta_section][vc_tta_section i_icon_fontawesome=\u00bbfa fa-asterisk\u00bb title=\u00bbVENTAJAS EURO\u00bb tab_id=\u00bb1501833304352-773a54db-80ffe227-77b4&#8243; add_icon=\u00bbtrue\u00bb][vc_column_text]\u25cf CALIDAD ACADEMICA<br \/>\n\u25cf IDIOMAS<br \/>\n\u25cf ALTA CALIDAD DE VIDA SOCIAL Y CULTURAL<br \/>\n\u25cf BECAS ACADEMICAS<br \/>\n\u25cf INTERCAMBIO ACADEMICO INTERNACIONAL[\/vc_column_text][\/vc_tta_section][vc_tta_section i_icon_fontawesome=\u00bbfa fa-folder\u00bb title=\u00bbPROCESO DE ADMISI\u00d3N\u00bb tab_id=\u00bb1501833527178-3e222db6-2571e227-77b4&#8243; add_icon=\u00bbtrue\u00bb][vc_column_text]1. REALIZAR ENTREVISTA PERSONAL<br \/>\n2. REALIZAR LOS PAGOS CORRESPONDIENTES<br \/>\n3. LLENAR LA SOLICITUD DE ADMISION<br \/>\n4. ENTREGAR LA DOCUMENTACION REQUERIDA (Acta de Nacimiento, CURP, Boleta\/Certificado del a\u00f1o anterior, Carta de Buena Conducta).[\/vc_column_text][\/vc_tta_section][\/vc_tta_tabs][\/vc_column][\/vc_row]\n<\/div>","protected":false},"excerpt":{"rendered":"<p>[vc_row][vc_column][vc_single_image image=\u00bb117&#8243; img_size=\u00bbfull\u00bb alignment=\u00bbcenter\u00bb style=\u00bbvc_box_rounded\u00bb][\/vc_column][\/vc_row][vc_row][vc_column width=\u00bb1\/3&#8243;][vc_icon type=\u00bbopeniconic\u00bb icon_openiconic=\u00bbvc-oi vc-oi-book-open\u00bb color=\u00bbsky\u00bb background_style=\u00bbrounded\u00bb size=\u00bbxs\u00bb align=\u00bbcenter\u00bb][vc_column_text css=\u00bb.vc_custom_1501860308821{margin-top: -20px !important;}\u00bb] PRIMER A\u00d1O \u2022 Espa\u00f1ol I. \u2022 Matem\u00e1ticas I. \u2022 Segunda Lengua Ingles I. \u2022 Ciencias I (Enfasis en Biolog\u00eda). \u2022 Tecnologia I. \u2022 Geograf\u00eda de M\u00e9xico y del Mundo. \u2022 Asignatura Estatal. \u2022 Tutoria. \u2022 Educaci\u00f3n F\u00edsica I. \u2022 [&hellip;]<\/p>\n","protected":false},"author":1,"featured_media":0,"parent":0,"menu_order":0,"comment_status":"closed","ping_status":"closed","template":"","meta":{"footnotes":""},"class_list":["post-45","page","type-page","status-publish","hentry"],"_links":{"self":[{"href":"https:\/\/euro.lat\/site\/wp-json\/wp\/v2\/pages\/45","targetHints":{"allow":["GET"]}}],"collection":[{"href":"https:\/\/euro.lat\/site\/wp-json\/wp\/v2\/pages"}],"about":[{"href":"https:\/\/euro.lat\/site\/wp-json\/wp\/v2\/types\/page"}],"author":[{"embeddable":true,"href":"https:\/\/euro.lat\/site\/wp-json\/wp\/v2\/users\/1"}],"replies":[{"embeddable":true,"href":"https:\/\/euro.lat\/site\/wp-json\/wp\/v2\/comments?post=45"}],"version-history":[{"count":5,"href":"https:\/\/euro.lat\/site\/wp-json\/wp\/v2\/pages\/45\/revisions"}],"predecessor-version":[{"id":146,"href":"https:\/\/euro.lat\/site\/wp-json\/wp\/v2\/pages\/45\/revisions\/146"}],"wp:attachment":[{"href":"https:\/\/euro.lat\/site\/wp-json\/wp\/v2\/media?parent=45"}],"curies":[{"name":"wp","href":"https:\/\/api.w.org\/{rel}","templated":true}]}}