{"id":110,"date":"2017-08-04T16:19:58","date_gmt":"2017-08-04T16:19:58","guid":{"rendered":"http:\/\/euro.lat\/site\/?page_id=110"},"modified":"2022-02-03T14:29:52","modified_gmt":"2022-02-03T20:29:52","slug":"inicio","status":"publish","type":"page","link":"https:\/\/euro.lat\/site\/","title":{"rendered":"INICIO"},"content":{"rendered":"<div class=\"wpb-content-wrapper\">[vc_row][vc_column][vc_column_text]\n<h4 style=\"text-align: center;\"><strong>FORMANDO NI\u00d1OS Y J\u00d3VENES QUE DESARROLLEN SU POTENCIAL CREATIVO, F\u00cdSICO E INTELECTUAL<\/strong><\/h4>\n[\/vc_column_text][vc_text_separator title=\u00bbOFRECEMOS UNA ALTERNATIVA EDUCATIVA COMPARABLE EN CALIDAD Y NIVEL ACAD\u00c9MICO A LAS MEJORES DEL MUNDO\u00bb color=\u00bbblue\u00bb style=\u00bbdotted\u00bb border_width=\u00bb2&#8243;][vc_row_inner][vc_column_inner width=\u00bb1\/4&#8243;][vc_btn title=\u00bbPRE-ESCOLAR\u00bb style=\u00bb3d\u00bb color=\u00bbsky\u00bb align=\u00bbcenter\u00bb link=\u00bburl:http%3A%2F%2Feuro.lat%2Fsite%2Fpre-escolar%2F|||\u00bb][\/vc_column_inner][vc_column_inner width=\u00bb1\/4&#8243;][vc_btn title=\u00bbPRIMARIA\u00bb style=\u00bb3d\u00bb color=\u00bbsky\u00bb align=\u00bbcenter\u00bb link=\u00bburl:http%3A%2F%2Feuro.lat%2Fsite%2Fprimaria%2F|||\u00bb][\/vc_column_inner][vc_column_inner width=\u00bb1\/4&#8243;][vc_btn title=\u00bbSECUNDARIA\u00bb style=\u00bb3d\u00bb color=\u00bbsky\u00bb align=\u00bbcenter\u00bb link=\u00bburl:http%3A%2F%2Feuro.lat%2Fsite%2Fsecundaria%2F|||\u00bb][\/vc_column_inner][vc_column_inner width=\u00bb1\/4&#8243;][vc_btn title=\u00bbPREPARATORIA\u00bb style=\u00bb3d\u00bb color=\u00bbsky\u00bb align=\u00bbcenter\u00bb link=\u00bburl:http%3A%2F%2Feuro.lat%2Fsite%2Fpreparatoria%2F|||\u00bb][\/vc_column_inner][\/vc_row_inner][\/vc_column][\/vc_row]\n<\/div>","protected":false},"excerpt":{"rendered":"<p>[vc_row][vc_column][vc_column_text] FORMANDO NI\u00d1OS Y J\u00d3VENES QUE DESARROLLEN SU POTENCIAL CREATIVO, F\u00cdSICO E INTELECTUAL [\/vc_column_text][vc_text_separator title=\u00bbOFRECEMOS UNA ALTERNATIVA EDUCATIVA COMPARABLE EN CALIDAD Y NIVEL ACAD\u00c9MICO A LAS MEJORES DEL MUNDO\u00bb color=\u00bbblue\u00bb style=\u00bbdotted\u00bb border_width=\u00bb2&#8243;][vc_row_inner][vc_column_inner width=\u00bb1\/4&#8243;][vc_btn title=\u00bbPRE-ESCOLAR\u00bb style=\u00bb3d\u00bb color=\u00bbsky\u00bb align=\u00bbcenter\u00bb link=\u00bburl:http%3A%2F%2Feuro.lat%2Fsite%2Fpre-escolar%2F|||\u00bb][\/vc_column_inner][vc_column_inner width=\u00bb1\/4&#8243;][vc_btn title=\u00bbPRIMARIA\u00bb style=\u00bb3d\u00bb color=\u00bbsky\u00bb align=\u00bbcenter\u00bb link=\u00bburl:http%3A%2F%2Feuro.lat%2Fsite%2Fprimaria%2F|||\u00bb][\/vc_column_inner][vc_column_inner width=\u00bb1\/4&#8243;][vc_btn title=\u00bbSECUNDARIA\u00bb style=\u00bb3d\u00bb color=\u00bbsky\u00bb align=\u00bbcenter\u00bb link=\u00bburl:http%3A%2F%2Feuro.lat%2Fsite%2Fsecundaria%2F|||\u00bb][\/vc_column_inner][vc_column_inner width=\u00bb1\/4&#8243;][vc_btn title=\u00bbPREPARATORIA\u00bb style=\u00bb3d\u00bb color=\u00bbsky\u00bb align=\u00bbcenter\u00bb [&hellip;]<\/p>\n","protected":false},"author":1,"featured_media":0,"parent":0,"menu_order":0,"comment_status":"closed","ping_status":"closed","template":"","meta":{"footnotes":""},"class_list":["post-110","page","type-page","status-publish","hentry"],"_links":{"self":[{"href":"https:\/\/euro.lat\/site\/wp-json\/wp\/v2\/pages\/110","targetHints":{"allow":["GET"]}}],"collection":[{"href":"https:\/\/euro.lat\/site\/wp-json\/wp\/v2\/pages"}],"about":[{"href":"https:\/\/euro.lat\/site\/wp-json\/wp\/v2\/types\/page"}],"author":[{"embeddable":true,"href":"https:\/\/euro.lat\/site\/wp-json\/wp\/v2\/users\/1"}],"replies":[{"embeddable":true,"href":"https:\/\/euro.lat\/site\/wp-json\/wp\/v2\/comments?post=110"}],"version-history":[{"count":10,"href":"https:\/\/euro.lat\/site\/wp-json\/wp\/v2\/pages\/110\/revisions"}],"predecessor-version":[{"id":1238,"href":"https:\/\/euro.lat\/site\/wp-json\/wp\/v2\/pages\/110\/revisions\/1238"}],"wp:attachment":[{"href":"https:\/\/euro.lat\/site\/wp-json\/wp\/v2\/media?parent=110"}],"curies":[{"name":"wp","href":"https:\/\/api.w.org\/{rel}","templated":true}]}}